{"id":395,"date":"2018-06-28T10:49:30","date_gmt":"2018-06-28T08:49:30","guid":{"rendered":"https:\/\/www.belverdi.de\/?page_id=395"},"modified":"2023-11-13T12:32:06","modified_gmt":"2023-11-13T10:32:06","slug":"datenschutz","status":"publish","type":"page","link":"https:\/\/www.belverdi.de\/?page_id=395","title":{"rendered":"Datenschutz"},"content":{"rendered":"<p>[et_pb_section fb_built=&#8220;1&#8243; custom_padding_last_edited=&#8220;on|tablet&#8220; _builder_version=&#8220;4.14.8&#8243; background_color=&#8220;#3644af&#8220; use_background_color_gradient=&#8220;on&#8220; background_color_gradient_start=&#8220;rgba(255,255,255,0)&#8220; background_color_gradient_end=&#8220;#ffffff&#8220; background_color_gradient_overlays_image=&#8220;on&#8220; background_image=&#8220;https:\/\/www.belverdi.de\/wp-content\/uploads\/AdobeStock_189781897-e1566575490342.jpeg&#8220; custom_padding=&#8220;100px|0px|365px|0px||&#8220; custom_padding_tablet=&#8220;|||&#8220; custom_padding_phone=&#8220;|||&#8220; saved_tabs=&#8220;all&#8220; global_colors_info=&#8220;{}&#8220;][et_pb_row _builder_version=&#8220;4.14.8&#8243; custom_padding=&#8220;|||&#8220; animation_style=&#8220;slide&#8220; animation_direction=&#8220;bottom&#8220; animation_intensity_slide=&#8220;10%&#8220; global_colors_info=&#8220;{}&#8220;][et_pb_column type=&#8220;4_4&#8243; _builder_version=&#8220;3.25&#8243; custom_padding=&#8220;|||&#8220; global_colors_info=&#8220;{}&#8220; custom_padding__hover=&#8220;|||&#8220;][et_pb_text admin_label=&#8220;Title and subhead&#8220; _builder_version=&#8220;4.14.8&#8243; text_font=&#8220;Ubuntu||||||||&#8220; text_font_size=&#8220;16px&#8220; text_line_height=&#8220;1.8em&#8220; header_font=&#8220;Montserrat|700|||||||&#8220; header_font_size=&#8220;50px&#8220; header_line_height=&#8220;1.4em&#8220; header_2_font=&#8220;||||||||&#8220; text_orientation=&#8220;center&#8220; max_width=&#8220;600px&#8220; module_alignment=&#8220;center&#8220; header_font_size_tablet=&#8220;&#8220; header_font_size_phone=&#8220;40px&#8220; header_font_size_last_edited=&#8220;on|desktop&#8220; locked=&#8220;off&#8220; global_colors_info=&#8220;{}&#8220;]<\/p>\n<h1>Datenschutz<\/h1>\n<p>[\/et_pb_text][\/et_pb_column][\/et_pb_row][\/et_pb_section][et_pb_section fb_built=&#8220;1&#8243; admin_label=&#8220;section&#8220; _builder_version=&#8220;3.22&#8243; global_colors_info=&#8220;{}&#8220;][et_pb_row admin_label=&#8220;row&#8220; _builder_version=&#8220;3.25&#8243; background_size=&#8220;initial&#8220; background_position=&#8220;top_left&#8220; background_repeat=&#8220;repeat&#8220; global_colors_info=&#8220;{}&#8220;][et_pb_column type=&#8220;4_4&#8243; _builder_version=&#8220;3.25&#8243; custom_padding=&#8220;|||&#8220; global_colors_info=&#8220;{}&#8220; custom_padding__hover=&#8220;|||&#8220;][et_pb_text admin_label=&#8220;Text&#8220; _builder_version=&#8220;3.27.4&#8243; background_size=&#8220;initial&#8220; background_position=&#8220;top_left&#8220; background_repeat=&#8220;repeat&#8220; global_colors_info=&#8220;{}&#8220;]<\/p>\n<h3>Die DS-GVO<\/h3>\n<p style=\"text-align: justify;\">Mit dem 25.05.2018 hat der Datenschutz in Europa eine entscheidende Ver\u00e4nderung erfahren. Zwei Jahre hatte der europ\u00e4ische Gesetzgeber am April 2016 den Mitgliedstaaten und seinen Unternehmern und B\u00fcrgern Zeit gegeben, die Anwendung ab Mai 2018 vorzubereiten. Doch f\u00fcr viele kam der Tag der Anwendung am 25.05.2018 \u00fcberraschend.<\/p>\n<p style=\"text-align: justify;\">Viele klein- und mittelst\u00e4ndische Unternehmen, aber auch gr\u00f6\u00dfere Unternehmen sind auch heute noch nicht auf dem Stand, den die neue Datenschutzgrundverordnung (DS-GVO) und das neue Bundesdatenschutzgesetz (BDSG-neu) fordern. Auch kleine und mittelst\u00e4ndische Unternehmen, die keinen Datenschutzbeauftragten nach dem Gesetz ben\u00f6tigen, m\u00fcssen sich mit den neuen Datenschutzregelungen vertraut machen und diese t\u00e4glich in ihrem Unternehmen umsetzen. Andernfalls drohen hohe Geldbu\u00dfen von maximal \u20ac 20 Mio. oder vier Prozent des Konzernumsatzes.<\/p>\n<p style=\"text-align: justify;\">Denn die Anforderungen haben sich ver\u00e4ndert. Wenn die zust\u00e4ndige Beh\u00f6rde dies verlangt, muss der Unternehmer die Einhaltung der Datenschutzregelungen nachweisen. Ihn trifft die Nachweispflicht.<\/p>\n<p style=\"text-align: justify;\"><strong>Deshalb sollte sich jeder Unternehmer informieren und seine Mitarbeiter regelm\u00e4\u00dfig schulen.<\/strong><\/p>\n<p>&nbsp;<\/p>\n<p>&nbsp;[\/et_pb_text][\/et_pb_column][\/et_pb_row][et_pb_row column_structure=&#8220;1_2,1_2&#8243; _builder_version=&#8220;4.14.8&#8243; _module_preset=&#8220;default&#8220; global_colors_info=&#8220;{}&#8220;][et_pb_column type=&#8220;1_2&#8243; _builder_version=&#8220;4.14.8&#8243; _module_preset=&#8220;default&#8220; global_colors_info=&#8220;{}&#8220;][et_pb_blurb title=&#8220;Was haben Brandschutz und eine ordentliche DSGVO Umsetzung gemeinsam? &#8220; use_icon=&#8220;on&#8220; font_icon=&#8220;&#xf134;||fa||900&#8243; icon_color=&#8220;#000000&#8243; admin_label=&#8220;Careers&#8220; _builder_version=&#8220;4.14.8&#8243; header_font=&#8220;Montserrat|600|||||||&#8220; header_text_align=&#8220;center&#8220; header_font_size=&#8220;20px&#8220; header_line_height=&#8220;1.7em&#8220; body_font=&#8220;Ubuntu||||||||&#8220; body_text_align=&#8220;center&#8220; body_text_color=&#8220;rgba(255,255,255,0.7)&#8220; body_font_size=&#8220;16px&#8220; background_color=&#8220;#ef9488&#8243; background_image=&#8220;https:\/\/www.belverdi.de\/wp-content\/uploads\/web-design-bg-texture_02.jpg&#8220; background_blend=&#8220;overlay&#8220; background_layout=&#8220;dark&#8220; custom_margin=&#8220;0px||0px||false|false&#8220; custom_padding=&#8220;40px|30px|40px|30px|false|false&#8220; animation_style=&#8220;slide&#8220; animation_direction=&#8220;bottom&#8220; animation_delay=&#8220;100ms&#8220; animation_intensity_slide=&#8220;10%&#8220; border_radii=&#8220;on|5px|5px|5px|5px&#8220; global_colors_info=&#8220;{}&#8220;][\/et_pb_blurb][\/et_pb_column][et_pb_column type=&#8220;1_2&#8243; _builder_version=&#8220;4.14.8&#8243; _module_preset=&#8220;default&#8220; global_colors_info=&#8220;{}&#8220;][et_pb_video src=&#8220;https:\/\/www.belverdi.de\/wp-content\/uploads\/Brandschutz.mp4&#8243; _builder_version=&#8220;4.14.8&#8243; _module_preset=&#8220;default&#8220; global_colors_info=&#8220;{}&#8220;][\/et_pb_video][\/et_pb_column][\/et_pb_row][et_pb_row _builder_version=&#8220;4.14.8&#8243; _module_preset=&#8220;default&#8220; global_colors_info=&#8220;{}&#8220;][et_pb_column type=&#8220;4_4&#8243; _builder_version=&#8220;4.14.8&#8243; _module_preset=&#8220;default&#8220; global_colors_info=&#8220;{}&#8220;][et_pb_text _builder_version=&#8220;4.14.8&#8243; _module_preset=&#8220;default&#8220; header_font_size=&#8220;40px&#8220; background_color=&#8220;RGBA(255,255,255,0)&#8220; global_colors_info=&#8220;{}&#8220;]<\/p>\n<h2 style=\"text-align: center;\">Kostenloser Webseitencheck<\/h2>\n<p>[\/et_pb_text][et_pb_code _builder_version=&#8220;4.14.8&#8243; _module_preset=&#8220;default&#8220; background_color=&#8220;RGBA(255,255,255,0)&#8220; module_alignment=&#8220;center&#8220; global_colors_info=&#8220;{}&#8220;]<iframe width=\"800\" height=\"300\" loading=\"lazy\" src=\"https:\/\/datenschutz.belverdi.de\/homepage-test\/formular\" frameborder=\"0\"><\/iframe>[\/et_pb_code][\/et_pb_column][\/et_pb_row][et_pb_row _builder_version=&#8220;4.14.8&#8243; _module_preset=&#8220;default&#8220; global_colors_info=&#8220;{}&#8220;][et_pb_column type=&#8220;4_4&#8243; _builder_version=&#8220;4.14.8&#8243; _module_preset=&#8220;default&#8220; global_colors_info=&#8220;{}&#8220;][et_pb_divider color=&#8220;#000000&#8243; _builder_version=&#8220;4.14.8&#8243; _module_preset=&#8220;default&#8220; global_colors_info=&#8220;{}&#8220;][\/et_pb_divider][\/et_pb_column][\/et_pb_row][et_pb_row column_structure=&#8220;1_3,1_3,1_3&#8243; use_custom_gutter=&#8220;on&#8220; gutter_width=&#8220;2&#8243; admin_label=&#8220;Careers&#8220; _builder_version=&#8220;3.25&#8243; global_colors_info=&#8220;{}&#8220;][et_pb_column type=&#8220;1_3&#8243; _builder_version=&#8220;3.25&#8243; custom_padding=&#8220;|||&#8220; global_colors_info=&#8220;{}&#8220; custom_padding__hover=&#8220;|||&#8220;][et_pb_blurb title=&#8220;Analyse&#8220; use_icon=&#8220;on&#8220; font_icon=&#8220;&#xe00b;||divi||400&#8243; icon_color=&#8220;#000000&#8243; admin_label=&#8220;Service&#8220; _builder_version=&#8220;4.14.8&#8243; header_font=&#8220;Montserrat|600|||||||&#8220; header_text_align=&#8220;center&#8220; header_font_size=&#8220;20px&#8220; header_line_height=&#8220;1.7em&#8220; body_font=&#8220;Ubuntu||||||||&#8220; body_text_align=&#8220;center&#8220; body_text_color=&#8220;rgba(255,255,255,0.7)&#8220; body_font_size=&#8220;16px&#8220; background_color=&#8220;#31C56F&#8220; background_image=&#8220;https:\/\/www.belverdi.de\/wp-content\/uploads\/web-design-bg-texture_03.jpg&#8220; background_blend=&#8220;overlay&#8220; background_layout=&#8220;dark&#8220; custom_margin=&#8220;30px||30px|&#8220; custom_padding=&#8220;80px|30px|80px|30px&#8220; animation_style=&#8220;slide&#8220; animation_direction=&#8220;bottom&#8220; animation_intensity_slide=&#8220;10%&#8220; border_radii=&#8220;on|5px|5px|5px|5px&#8220; global_colors_info=&#8220;{}&#8220;]<\/p>\n<p>Telefonische Kurzanalyse, um den Datenschutzbedarf zu ermitteln.<\/p>\n<p><strong>Frei<\/strong><\/p>\n<p>[\/et_pb_blurb][et_pb_blurb title=&#8220;Stellung Datenschutzbeauftragter&#8220; use_icon=&#8220;on&#8220; font_icon=&#8220;&#xf233;||fa||900&#8243; icon_color=&#8220;#000000&#8243; image_icon_background_color=&#8220;RGBA(255,255,255,0)&#8220; admin_label=&#8220;Careers&#8220; _builder_version=&#8220;4.14.8&#8243; header_font=&#8220;Montserrat|600|||||||&#8220; header_text_align=&#8220;center&#8220; header_font_size=&#8220;20px&#8220; header_line_height=&#8220;1.7em&#8220; body_font=&#8220;Ubuntu||||||||&#8220; body_text_align=&#8220;center&#8220; body_text_color=&#8220;rgba(255,255,255,0.7)&#8220; body_font_size=&#8220;16px&#8220; background_color=&#8220;#9D1518&#8243; background_image=&#8220;https:\/\/www.belverdi.de\/wp-content\/uploads\/web-design-bg-texture_02.jpg&#8220; background_blend=&#8220;overlay&#8220; background_layout=&#8220;dark&#8220; custom_margin=&#8220;30px||30px|&#8220; custom_padding=&#8220;80px|30px|80px|30px&#8220; animation_style=&#8220;slide&#8220; animation_direction=&#8220;bottom&#8220; animation_delay=&#8220;100ms&#8220; animation_intensity_slide=&#8220;10%&#8220; border_radii=&#8220;on|5px|5px|5px|5px&#8220; global_colors_info=&#8220;{}&#8220;]<\/p>\n<p><strong>Komplettpaket inklusive &#8222;Bestellung&#8220; als externer Datenschutzbeauftragter<\/strong><\/p>\n<p><strong>Ab 449,- \u20ac pro Monat<\/strong><\/p>\n<p>[\/et_pb_blurb][\/et_pb_column][et_pb_column type=&#8220;1_3&#8243; _builder_version=&#8220;3.25&#8243; custom_padding=&#8220;|||&#8220; global_colors_info=&#8220;{}&#8220; custom_padding__hover=&#8220;|||&#8220;][et_pb_blurb title=&#8220;DS-GVO Basis&#8220; use_icon=&#8220;on&#8220; font_icon=&#8220;&#xf470;||fa||900&#8243; icon_color=&#8220;#000000&#8243; admin_label=&#8220;Careers&#8220; _builder_version=&#8220;4.14.8&#8243; header_font=&#8220;Montserrat|600|||||||&#8220; header_text_align=&#8220;center&#8220; header_font_size=&#8220;20px&#8220; header_line_height=&#8220;1.7em&#8220; body_font=&#8220;Ubuntu||||||||&#8220; body_text_align=&#8220;center&#8220; body_text_color=&#8220;rgba(255,255,255,0.7)&#8220; body_font_size=&#8220;16px&#8220; background_color=&#8220;#1DA6CE&#8220; background_image=&#8220;https:\/\/www.belverdi.de\/wp-content\/uploads\/web-design-bg-texture_02.jpg&#8220; background_blend=&#8220;overlay&#8220; background_layout=&#8220;dark&#8220; custom_margin=&#8220;30px||30px|&#8220; custom_padding=&#8220;80px|30px|80px|30px&#8220; animation_style=&#8220;slide&#8220; animation_direction=&#8220;bottom&#8220; animation_delay=&#8220;100ms&#8220; animation_intensity_slide=&#8220;10%&#8220; border_radii=&#8220;on|5px|5px|5px|5px&#8220; global_colors_info=&#8220;{}&#8220;]<\/p>\n<p>Ermittlung des tats\u00e4chlichen Bedarfs mit Handlungsempfehlungen.<\/p>\n<p><strong>Ab 599,- \u20ac<\/strong><\/p>\n<p>[\/et_pb_blurb][et_pb_blurb title=&#8220;Datenschutz Managementsystem&#8220; use_icon=&#8220;on&#8220; font_icon=&#8220;&#xf233;||fa||900&#8243; icon_color=&#8220;#000000&#8243; image_icon_background_color=&#8220;RGBA(255,255,255,0)&#8220; admin_label=&#8220;Careers&#8220; _builder_version=&#8220;4.14.8&#8243; header_font=&#8220;Montserrat|600|||||||&#8220; header_text_align=&#8220;center&#8220; header_font_size=&#8220;20px&#8220; header_line_height=&#8220;1.7em&#8220; body_font=&#8220;Ubuntu||||||||&#8220; body_text_align=&#8220;center&#8220; body_text_color=&#8220;rgba(255,255,255,0.7)&#8220; body_font_size=&#8220;16px&#8220; background_color=&#8220;#E3BE9C&#8220; background_image=&#8220;https:\/\/www.belverdi.de\/wp-content\/uploads\/web-design-bg-texture_02.jpg&#8220; background_blend=&#8220;overlay&#8220; background_layout=&#8220;dark&#8220; custom_margin=&#8220;30px||30px|&#8220; custom_padding=&#8220;80px|30px|80px|30px&#8220; animation_style=&#8220;slide&#8220; animation_direction=&#8220;bottom&#8220; animation_delay=&#8220;100ms&#8220; animation_intensity_slide=&#8220;10%&#8220; border_radii=&#8220;on|5px|5px|5px|5px&#8220; global_colors_info=&#8220;{}&#8220;]<\/p>\n<p><strong>F\u00fcr die Umsetzung der DSGVO Vorgaben, u. a. f\u00fcr die Dokumentation<\/strong><\/p>\n<p><strong>29,90 \u20ac pro Monat<\/strong><\/p>\n<p>[\/et_pb_blurb][\/et_pb_column][et_pb_column type=&#8220;1_3&#8243; _builder_version=&#8220;3.25&#8243; custom_padding=&#8220;|||&#8220; global_colors_info=&#8220;{}&#8220; custom_padding__hover=&#8220;|||&#8220;][et_pb_blurb title=&#8220;DS-GVO Basis +&#8220; use_icon=&#8220;on&#8220; font_icon=&#8220;&#xf51c;||fa||900&#8243; icon_color=&#8220;#000000&#8243; admin_label=&#8220;Careers&#8220; _builder_version=&#8220;4.14.8&#8243; header_font=&#8220;Montserrat|600|||||||&#8220; header_text_align=&#8220;center&#8220; header_font_size=&#8220;20px&#8220; header_line_height=&#8220;1.7em&#8220; body_font=&#8220;Ubuntu||||||||&#8220; body_text_align=&#8220;center&#8220; body_text_color=&#8220;rgba(255,255,255,0.7)&#8220; body_font_size=&#8220;16px&#8220; background_color=&#8220;#AD4FD8&#8243; background_image=&#8220;https:\/\/www.belverdi.de\/wp-content\/uploads\/web-design-bg-texture_02.jpg&#8220; background_blend=&#8220;overlay&#8220; background_layout=&#8220;dark&#8220; custom_margin=&#8220;30px||30px|&#8220; custom_padding=&#8220;80px|30px|80px|30px&#8220; animation_style=&#8220;slide&#8220; animation_direction=&#8220;bottom&#8220; animation_delay=&#8220;100ms&#8220; animation_intensity_slide=&#8220;10%&#8220; border_radii=&#8220;on|5px|5px|5px|5px&#8220; global_colors_info=&#8220;{}&#8220;]<\/p>\n<p>Basis Paket mit Mitarbeiterschulung zu Grundlagen der DSGVO<\/p>\n<p><strong>Ab 899,- \u20ac<\/strong><\/p>\n<p>[\/et_pb_blurb][et_pb_blurb title=&#8220;Modul Hinweisgeberschutzsystem&#8220; use_icon=&#8220;on&#8220; font_icon=&#8220;&#xf233;||fa||900&#8243; icon_color=&#8220;#000000&#8243; image_icon_background_color=&#8220;RGBA(255,255,255,0)&#8220; admin_label=&#8220;Careers&#8220; _builder_version=&#8220;4.14.8&#8243; header_font=&#8220;Montserrat|600|||||||&#8220; header_text_align=&#8220;center&#8220; header_font_size=&#8220;20px&#8220; header_line_height=&#8220;1.7em&#8220; body_font=&#8220;Ubuntu||||||||&#8220; body_text_align=&#8220;center&#8220; body_text_color=&#8220;rgba(255,255,255,0.7)&#8220; body_font_size=&#8220;16px&#8220; background_color=&#8220;#07EDCF&#8220; background_image=&#8220;https:\/\/www.belverdi.de\/wp-content\/uploads\/web-design-bg-texture_02.jpg&#8220; background_blend=&#8220;overlay&#8220; background_layout=&#8220;dark&#8220; custom_margin=&#8220;30px||30px|&#8220; custom_padding=&#8220;80px|30px|80px|30px&#8220; animation_style=&#8220;slide&#8220; animation_direction=&#8220;bottom&#8220; animation_delay=&#8220;100ms&#8220; animation_intensity_slide=&#8220;10%&#8220; border_radii=&#8220;on|5px|5px|5px|5px&#8220; global_colors_info=&#8220;{}&#8220;]<\/p>\n<p><strong>Interner Meldekanal f\u00fcr die Umsetzung der EU-Whistleblower-Richtlinie<\/strong><\/p>\n<p><strong>Preis auf Anfrage<\/strong><\/p>\n<p>[\/et_pb_blurb][\/et_pb_column][\/et_pb_row][\/et_pb_section]<\/p>\n","protected":false},"excerpt":{"rendered":"<p>DatenschutzDie DS-GVO Mit dem 25.05.2018 hat der Datenschutz in Europa eine entscheidende Ver\u00e4nderung erfahren. Zwei Jahre hatte der europ\u00e4ische Gesetzgeber am April 2016 den Mitgliedstaaten und seinen Unternehmern und B\u00fcrgern Zeit gegeben, die Anwendung ab Mai 2018 vorzubereiten. Doch f\u00fcr viele kam der Tag der Anwendung am 25.05.2018 \u00fcberraschend. Viele klein- und mittelst\u00e4ndische Unternehmen, aber [&hellip;]<\/p>\n","protected":false},"author":1,"featured_media":538,"parent":18,"menu_order":2,"comment_status":"closed","ping_status":"closed","template":"","meta":{"_et_pb_use_builder":"on","_et_pb_old_content":"<h3>Die DS-GVO<\/h3>\r\n<p style=\"text-align: justify;\">Mit dem 25.05.2018 hat der Datenschutz in Europa eine entscheidende Ver\u00e4nderung erfahren. Zwei Jahre hatte der europ\u00e4ische Gesetzgeber am April 2016 den Mitgliedstaaten und seinen Unternehmern und B\u00fcrgern Zeit gegeben, die Anwendung ab Mai 2018 vorzubereiten. Doch f\u00fcr viele kam der Tag der Anwendung am 25.05.2018 \u00fcberraschend.<\/p>\r\n<p style=\"text-align: justify;\">Viele klein- und mittelst\u00e4ndische Unternehmen, aber auch gr\u00f6\u00dfere Unternehmen sind auch heute noch nicht auf dem Stand, den die neue Datenschutzgrundverordnung (DS-GVO) und das neue Bundesdatenschutzgesetz (BDSG-neu) fordern. Auch kleine und mittelst\u00e4ndische Unternehmen, die keinen Datenschutzbeauftragten nach dem Gesetz ben\u00f6tigen, m\u00fcssen sich mit den neuen Datenschutzregelungen vertraut machen und diese t\u00e4glich in ihrem Unternehmen umsetzen. Andernfalls drohen hohe Geldbu\u00dfen von maximal \u20ac 20 Mio. oder vier Prozent des Konzernumsatzes.<\/p>\r\n<p style=\"text-align: justify;\">Denn die Anforderungen haben sich ver\u00e4ndert. Wenn die zust\u00e4ndige Beh\u00f6rde dies verlangt, muss der Unternehmer die Einhaltung der Datenschutzregelungen nachweisen. Ihn trifft die Nachweispflicht.<\/p>\r\n<p style=\"text-align: justify;\"><strong>Deshalb sollte sich jeder Unternehmer informieren und seine Mitarbeiter regelm\u00e4\u00dfig schulen.<\/strong><\/p>\r\n&nbsp;\r\n\r\n&nbsp;","_et_gb_content_width":""},"_links":{"self":[{"href":"https:\/\/www.belverdi.de\/index.php?rest_route=\/wp\/v2\/pages\/395"}],"collection":[{"href":"https:\/\/www.belverdi.de\/index.php?rest_route=\/wp\/v2\/pages"}],"about":[{"href":"https:\/\/www.belverdi.de\/index.php?rest_route=\/wp\/v2\/types\/page"}],"author":[{"embeddable":true,"href":"https:\/\/www.belverdi.de\/index.php?rest_route=\/wp\/v2\/users\/1"}],"replies":[{"embeddable":true,"href":"https:\/\/www.belverdi.de\/index.php?rest_route=%2Fwp%2Fv2%2Fcomments&post=395"}],"version-history":[{"count":29,"href":"https:\/\/www.belverdi.de\/index.php?rest_route=\/wp\/v2\/pages\/395\/revisions"}],"predecessor-version":[{"id":1172,"href":"https:\/\/www.belverdi.de\/index.php?rest_route=\/wp\/v2\/pages\/395\/revisions\/1172"}],"up":[{"embeddable":true,"href":"https:\/\/www.belverdi.de\/index.php?rest_route=\/wp\/v2\/pages\/18"}],"wp:featuredmedia":[{"embeddable":true,"href":"https:\/\/www.belverdi.de\/index.php?rest_route=\/wp\/v2\/media\/538"}],"wp:attachment":[{"href":"https:\/\/www.belverdi.de\/index.php?rest_route=%2Fwp%2Fv2%2Fmedia&parent=395"}],"curies":[{"name":"wp","href":"https:\/\/api.w.org\/{rel}","templated":true}]}}